{"id":11109,"date":"2021-01-21T09:12:17","date_gmt":"2021-01-21T09:12:17","guid":{"rendered":"https:\/\/en.valmont-france.com\/dedicated-answers\/"},"modified":"2021-01-21T09:12:19","modified_gmt":"2021-01-21T09:12:19","slug":"dedicated-answers","status":"publish","type":"page","link":"https:\/\/en.valmont-france.com\/en\/dedicated-answers\/","title":{"rendered":"Dedicated answers"},"content":{"rendered":"<h3>R\u00e9pondre aux exigences<\/h3>\n<p>Pour satisfaire aux exigences esth\u00e9tiques, qualitatives, \u00e9conomiques et de d\u00e9lais propres \u00e0 son activit\u00e9, Valmont s&#8217;est structur\u00e9 et\u00a0 a d\u00e9velopp\u00e9 ou int\u00e9gr\u00e9 des technologies d\u00e9di\u00e9es \u00e0 chaque typologie de produit.<\/p>\n<p style=\"text-align: center;\"><strong>Nos comp\u00e9tences\u00a0au service\u00a0de votre cr\u00e9ativit\u00e9.<\/strong><\/p>\n<p><strong>Enjeux esth\u00e9tiques<\/strong><\/p>\n<ul>\n<li>Int\u00e9gration d&#8217;une \u00e9quipe de Designers.<\/li>\n<li>D\u00e9veloppement de son propre logiciel de calculs multi-mat\u00e9riaux.<\/li>\n<li>Utilisation de fa\u00e7on syst\u00e9matique de la 3D en engineering.<\/li>\n<li>Ma\u00eetrise du Fluo-formage de l\u2019Aluminium, du fa\u00e7onnage du Bois lamell\u00e9 coll\u00e9, de l\u2019assemblage multicouche de l\u2019Acier pour enrichir les technologies existantes.<\/li>\n<\/ul>\n<p>\t\t\t\t\t\t\t\t\t\t<img decoding=\"async\" width=\"3540\" height=\"2460\" src=\"https:\/\/en.valmont-france.com\/wp-content\/uploads\/sites\/5\/2018\/07\/Ing\u00e9niere-1.jpg\" alt=\"\" loading=\"lazy\" srcset=\"https:\/\/en.valmont-france.com\/wp-content\/uploads\/sites\/5\/2018\/07\/Ing\u00e9niere-1.jpg 3540w, https:\/\/en.valmont-france.com\/wp-content\/uploads\/sites\/5\/2018\/07\/Ing\u00e9niere-1-300x208.jpg 300w, https:\/\/en.valmont-france.com\/wp-content\/uploads\/sites\/5\/2018\/07\/Ing\u00e9niere-1-768x534.jpg 768w, https:\/\/en.valmont-france.com\/wp-content\/uploads\/sites\/5\/2018\/07\/Ing\u00e9niere-1-1024x712.jpg 1024w\" sizes=\"(max-width: 3540px) 100vw, 3540px\" \/><br \/>\n\t\t\t\t\t\t\t\t\t\t<img decoding=\"async\" width=\"1198\" height=\"800\" src=\"https:\/\/en.valmont-france.com\/wp-content\/uploads\/sites\/5\/2018\/07\/VALMONT-POLEYMIEUX-4098-SD.jpg\" alt=\"\" loading=\"lazy\" srcset=\"https:\/\/en.valmont-france.com\/wp-content\/uploads\/sites\/5\/2018\/07\/VALMONT-POLEYMIEUX-4098-SD.jpg 1198w, https:\/\/en.valmont-france.com\/wp-content\/uploads\/sites\/5\/2018\/07\/VALMONT-POLEYMIEUX-4098-SD-300x200.jpg 300w, https:\/\/en.valmont-france.com\/wp-content\/uploads\/sites\/5\/2018\/07\/VALMONT-POLEYMIEUX-4098-SD-768x513.jpg 768w, https:\/\/en.valmont-france.com\/wp-content\/uploads\/sites\/5\/2018\/07\/VALMONT-POLEYMIEUX-4098-SD-1024x684.jpg 1024w\" sizes=\"(max-width: 1198px) 100vw, 1198px\" \/>\t\t\t\t\t\t\t\t\t\t\t<\/p>\n<p><strong>Enjeux qualitatifs<\/strong><\/p>\n<ul>\n<li>La finition des produits s\u2019est perfectionn\u00e9e avec l\u2019int\u00e9gration de Soudure Invisible sur les f\u00fbts acier, la spectro-coloration des f\u00fbts aluminium, les techniques de transfert, le thermolaquage de grandes dimensions\u2026<\/li>\n<\/ul>\n<p>Ces technologies ont permis \u00e0 la fois d\u2019\u00e9largir la gamme de produits catalogue, et d\u2019ouvrir le champ de la cr\u00e9ativit\u00e9 pour chacun de vos projets.<\/p>\n<p><strong>Enjeux &#8220;timing&#8221;<\/strong><\/p>\n<ul>\n<li>Cr\u00e9ation de postes de Chefs de Projets d\u00e9di\u00e9s au suivi des projets les plus complexes&#8230;<\/li>\n<\/ul>\n<p>\t\t\t\t\t\t\t\t\t\t<img decoding=\"async\" width=\"850\" height=\"567\" src=\"https:\/\/en.valmont-france.com\/wp-content\/uploads\/sites\/5\/2018\/10\/timing-Ld.jpg\" alt=\"\" loading=\"lazy\" srcset=\"https:\/\/en.valmont-france.com\/wp-content\/uploads\/sites\/5\/2018\/10\/timing-Ld.jpg 850w, https:\/\/en.valmont-france.com\/wp-content\/uploads\/sites\/5\/2018\/10\/timing-Ld-300x200.jpg 300w, https:\/\/en.valmont-france.com\/wp-content\/uploads\/sites\/5\/2018\/10\/timing-Ld-768x512.jpg 768w\" sizes=\"(max-width: 850px) 100vw, 850px\" \/>\t\t\t\t\t\t\t\t\t\t\t<\/p>\n<p>L\u2019\u00e9vidence de notre responsabilit\u00e9 d\u2019industrielle en mati\u00e8re d\u2019Environnement nous a \u00e9galement amen\u00e9 vers plus d\u2019exigences&#8230;<\/p>\n<p><strong>Enjeux environnementaux<\/strong><\/p>\n<ul>\n<li>Ouverture en 2008 d&#8217;une cha\u00eene de thermo-laquage \u00e0 &#8220;0&#8221; rejet.<\/li>\n<li>Mise en place d&#8217;un processus de compensation carbone, le ZEP.<\/li>\n<li>Optimisation des livraisons sur le territoire en les int\u00e9grant dans un planning de tourn\u00e9es.<\/li>\n<li>Obtention en 2012 de la certification ISO 14001.<\/li>\n<li>Mise en place de la m\u00e9thode de Lean Management visant \u00e0 \u00e9liminer tout ce qui n\u2019a pas de valeur pour nos clients.<\/li>\n<\/ul>\n","protected":false},"excerpt":{"rendered":"<p>R\u00e9pondre aux exigences Pour satisfaire aux exigences esth\u00e9tiques, qualitatives, \u00e9conomiques et de d\u00e9lais propres \u00e0 son activit\u00e9, Valmont s&#8217;est structur\u00e9 et\u00a0 a d\u00e9velopp\u00e9 ou int\u00e9gr\u00e9 des technologies d\u00e9di\u00e9es \u00e0 chaque typologie de produit. Nos comp\u00e9tences\u00a0au service\u00a0de votre cr\u00e9ativit\u00e9. Enjeux esth\u00e9tiques Int\u00e9gration d&#8217;une \u00e9quipe de Designers. D\u00e9veloppement de son propre logiciel de calculs multi-mat\u00e9riaux. Utilisation de [&hellip;]<\/p>\n","protected":false},"author":3,"featured_media":0,"parent":0,"menu_order":0,"comment_status":"closed","ping_status":"closed","template":"","meta":{"_acf_changed":false,"footnotes":""},"class_list":["post-11109","page","type-page","status-publish","hentry"],"acf":[],"_links":{"self":[{"href":"https:\/\/en.valmont-france.com\/en\/wp-json\/wp\/v2\/pages\/11109"}],"collection":[{"href":"https:\/\/en.valmont-france.com\/en\/wp-json\/wp\/v2\/pages"}],"about":[{"href":"https:\/\/en.valmont-france.com\/en\/wp-json\/wp\/v2\/types\/page"}],"author":[{"embeddable":true,"href":"https:\/\/en.valmont-france.com\/en\/wp-json\/wp\/v2\/users\/3"}],"replies":[{"embeddable":true,"href":"https:\/\/en.valmont-france.com\/en\/wp-json\/wp\/v2\/comments?post=11109"}],"version-history":[{"count":2,"href":"https:\/\/en.valmont-france.com\/en\/wp-json\/wp\/v2\/pages\/11109\/revisions"}],"predecessor-version":[{"id":11111,"href":"https:\/\/en.valmont-france.com\/en\/wp-json\/wp\/v2\/pages\/11109\/revisions\/11111"}],"wp:attachment":[{"href":"https:\/\/en.valmont-france.com\/en\/wp-json\/wp\/v2\/media?parent=11109"}],"curies":[{"name":"wp","href":"https:\/\/api.w.org\/{rel}","templated":true}]}}